{"id":71,"date":"2016-10-10T19:48:19","date_gmt":"2016-10-10T19:48:19","guid":{"rendered":"http:\/\/www.radiovision.us\/web\/?page_id=71"},"modified":"2016-10-22T18:08:18","modified_gmt":"2016-10-22T18:08:18","slug":"nuestra-historia","status":"publish","type":"page","link":"https:\/\/www.radiovision.us\/web\/nuestra-historia\/","title":{"rendered":"Nuestra Historia"},"content":{"rendered":"<p><img loading=\"lazy\" decoding=\"async\" class=\"alignleft\" src=\"http:\/\/www.radiovision.us\/web\/wp-content\/uploads\/2016\/10\/159608049_8IIfzYI_1477159450.jpg\" alt=\"159608049_8iifzyi_1477159450\" width=\"370\" height=\"276\" \/>Radio Visi\u00f3n US: Surge de la visi\u00f3n del <strong>Pastor\u00a0Francisco Santacruz<\/strong>.\u00a0Logrando entrar\u00a0al aire por Internet en el a\u00f1o 2007. Estando a cargo de la Administraci\u00f3n y Programaci\u00f3n con el apoyo de su congregaci\u00f3n, <strong>Iglesia Del Dios Vivo<\/strong>.<\/p>\n<p>A mediados de Octubre del mismo a\u00f1o, se invita a <strong>Cristina Palacios<\/strong> a ser parte de la Radio. Comenzando con el programa <strong>(Animo Gente)<\/strong>\u00a0anterior al que hoy conduce <strong>Cristina Palacios Sin Censura<\/strong>\u00a0ambos con mucha aceptaci\u00f3n entre la Audiencia.<\/p>\n<p>Tambi\u00e9n cabe mencionar la\u00a0destacada\u00a0participaci\u00f3n de algunos conductores que aunque breve su estancia han contribuido para la consistencia de Radio Visi\u00f3n US.<\/p>\n<p>A mediados de Octubre del a\u00f1o 2009. Al parecer un d\u00eda cualquiera, se le propone a Cristina Palacios ser la nueva Administradora de la Radio. Por lo cual, desde el 31 de Octubre del 2009 no s\u00f3lo se traspas\u00f3 la Radio sino\u00a0la visi\u00f3n se intensific\u00f3 bajo la nueva Propietaria de Radio Visi\u00f3n US. Junto a su esposo e hijo Gustavo&#8217;s Monge.\u00a0<strong>Gracias por su atenci\u00f3n e inter\u00e9s de conocer sobre nuestra historia. Puede contactarnos en\u00a0<a href=\"https:\/\/www.facebook.com\/radiovisionus\">https:\/\/www.facebook.com\/radiovisionus<\/a><\/strong><\/p>\n<p>Si tienes preguntas puede comunicarse con <strong>Cristina Palacios<\/strong> a\u00a0<a href=\"mailto:cpmcristina@hotmail.com\">cpmcristina@hotmail.com<\/a>\u00a0o al <strong>520-409-1942<\/strong>.<\/p>\n","protected":false},"excerpt":{"rendered":"<p>Radio Visi\u00f3n US: Surge de la visi\u00f3n del Pastor\u00a0Francisco Santacruz.\u00a0Logrando entrar\u00a0al aire por Internet en el a\u00f1o 2007. Estando a cargo de la Administraci\u00f3n y Programaci\u00f3n con el apoyo de su congregaci\u00f3n, Iglesia Del Dios Vivo. A mediados de Octubre del mismo a\u00f1o, se invita a Cristina Palacios a ser parte de la Radio. Comenzando [&hellip;]<\/p>\n","protected":false},"author":1,"featured_media":0,"parent":0,"menu_order":0,"comment_status":"closed","ping_status":"closed","template":"","meta":{"footnotes":""},"class_list":["post-71","page","type-page","status-publish","hentry"],"_links":{"self":[{"href":"https:\/\/www.radiovision.us\/web\/wp-json\/wp\/v2\/pages\/71"}],"collection":[{"href":"https:\/\/www.radiovision.us\/web\/wp-json\/wp\/v2\/pages"}],"about":[{"href":"https:\/\/www.radiovision.us\/web\/wp-json\/wp\/v2\/types\/page"}],"author":[{"embeddable":true,"href":"https:\/\/www.radiovision.us\/web\/wp-json\/wp\/v2\/users\/1"}],"replies":[{"embeddable":true,"href":"https:\/\/www.radiovision.us\/web\/wp-json\/wp\/v2\/comments?post=71"}],"version-history":[{"count":6,"href":"https:\/\/www.radiovision.us\/web\/wp-json\/wp\/v2\/pages\/71\/revisions"}],"predecessor-version":[{"id":228,"href":"https:\/\/www.radiovision.us\/web\/wp-json\/wp\/v2\/pages\/71\/revisions\/228"}],"wp:attachment":[{"href":"https:\/\/www.radiovision.us\/web\/wp-json\/wp\/v2\/media?parent=71"}],"curies":[{"name":"wp","href":"https:\/\/api.w.org\/{rel}","templated":true}]}}