{"id":69,"date":"2016-10-10T19:48:08","date_gmt":"2016-10-10T19:48:08","guid":{"rendered":"http:\/\/www.radiovision.us\/web\/?page_id=69"},"modified":"2016-10-22T18:05:45","modified_gmt":"2016-10-22T18:05:45","slug":"nuestra-vision","status":"publish","type":"page","link":"https:\/\/www.radiovision.us\/web\/nuestra-vision\/","title":{"rendered":"Nuestra Visi\u00f3n"},"content":{"rendered":"<p><img loading=\"lazy\" decoding=\"async\" class=\"wp-image-223 alignleft\" src=\"http:\/\/www.radiovision.us\/web\/wp-content\/uploads\/2016\/10\/159608049_8IIfzYI_1477159450.jpg\" alt=\"159608049_8iifzyi_1477159450\" width=\"370\" height=\"276\" srcset=\"https:\/\/www.radiovision.us\/web\/wp-content\/uploads\/2016\/10\/159608049_8IIfzYI_1477159450.jpg 500w, https:\/\/www.radiovision.us\/web\/wp-content\/uploads\/2016\/10\/159608049_8IIfzYI_1477159450-300x224.jpg 300w\" sizes=\"(max-width: 370px) 100vw, 370px\" \/><\/p>\n<p>Nuestra Visi\u00f3n es: Continuar en la Peregrinaci\u00f3n\u00a0y predicaci\u00f3n de la sana doctrina a personas que no la siguen o no la conocen, o que aunque \u00a0conozcan sigan siendo edificados.\u00a0Sembrando y cultivando la \u00fanica semilla que tiene efecto en la vida eterna.<\/p>\n<p style=\"text-align: center;\"><strong>16:15 Y les dijo: Id por todo el mundo y predicad el evangelio a toda criatura.<\/strong><\/p>\n<p>Tenemos el cometido de conquistar territorio para sembrar semillas de Fe y Esperanza que transforman.\u00a0A\u00a0trav\u00e9s\u00a0de la revelaci\u00f3n que al\u00a0o\u00edr\u00a0y esperar\u00a0vamos recibiendo\u00a0cada uno de nosotros sobre la voluntad y prop\u00f3sito de Dios para nuestra vida. Conforme permanecemos siendo conquistados a cederle el trono de nuestro coraz\u00f3n.<\/p>\n<p>Aspiramos a cultivar la Tierra y Plantas para que fructifiquen. Hablando del conocimiento, del trato a los dem\u00e1s o la Amistad con Dios y nuestro pr\u00f3jimo. Animando a implementar todos los medios necesarios, para mantener y estrechar las buenas relaciones. Logrando desarrollarnos en nuestros medios de influencia con \u00e9xito.<\/p>\n<p style=\"text-align: center;\"><strong>Job:22:21 Vuelve ahora en amistad con \u00e9l, y tendr\u00e1s paz;\u00a0Y por ello te vendr\u00e1 bien.\u00a0<\/strong><\/p>\n<p><strong>Conclusi\u00f3n:<\/strong>\u00a0El prop\u00f3sito de nuestra Visi\u00f3n es implementar el uso\u00a0de lo que tenemos para comenzar de nuevo si es necesario, lograr y ampliar nuestra percepci\u00f3n de c\u00f3mo ser\u00a0verdaderos hijos de Luz.\u00a0Te invitamos a que renueves tus fuerzas como el\u00a0\u00e1guila, no te quedes abajo. Remontate a las El prop\u00f3sito de nuestra misi\u00f3n unida a nuestra visi\u00f3n\u00a0es de\u00a0lograr una Radio de\u00a0bendicion. C\u00f3mo hasta hoy lo hemos logrado. Por la gracia y favor de Dios para con nosotros. Alturas. Recibe una nueva unci\u00f3n por medio de la\u00a0b\u00fasqueda\u00a0de Dios. El prop\u00f3sito de nuestra misi\u00f3n unida a nuestra visi\u00f3n\u00a0es de\u00a0lograr una Radio de\u00a0bendicion. C\u00f3mo hasta hoy lo hemos logrado. Por la gracia y favor de Dios para con nosotros.<\/p>\n<p style=\"text-align: center;\"><strong>Sigue en Sintonia de Radio Visi\u00f3n. Ay\u00fadanos a correr la voz a tus Familiares y Amigos. Comparte los siguientes links para el portal &gt; <a href=\"http:\/\/www.radiovision.us\/\">www.radiovision.us<\/a> para el chat &gt;<a href=\"http:\/\/chat.radiovision.us\/\">http:\/\/chat.radiovision.us<\/a><\/strong><\/p>\n<p style=\"text-align: center;\"><strong>Gracias de Antemano.<\/strong><\/p>\n","protected":false},"excerpt":{"rendered":"<p>Nuestra Visi\u00f3n es: Continuar en la Peregrinaci\u00f3n\u00a0y predicaci\u00f3n de la sana doctrina a personas que no la siguen o no la conocen, o que aunque \u00a0conozcan sigan siendo edificados.\u00a0Sembrando y cultivando la \u00fanica semilla que tiene efecto en la vida eterna. 16:15 Y les dijo: Id por todo el mundo y predicad el evangelio a [&hellip;]<\/p>\n","protected":false},"author":1,"featured_media":0,"parent":0,"menu_order":0,"comment_status":"closed","ping_status":"closed","template":"","meta":{"footnotes":""},"class_list":["post-69","page","type-page","status-publish","hentry"],"_links":{"self":[{"href":"https:\/\/www.radiovision.us\/web\/wp-json\/wp\/v2\/pages\/69"}],"collection":[{"href":"https:\/\/www.radiovision.us\/web\/wp-json\/wp\/v2\/pages"}],"about":[{"href":"https:\/\/www.radiovision.us\/web\/wp-json\/wp\/v2\/types\/page"}],"author":[{"embeddable":true,"href":"https:\/\/www.radiovision.us\/web\/wp-json\/wp\/v2\/users\/1"}],"replies":[{"embeddable":true,"href":"https:\/\/www.radiovision.us\/web\/wp-json\/wp\/v2\/comments?post=69"}],"version-history":[{"count":7,"href":"https:\/\/www.radiovision.us\/web\/wp-json\/wp\/v2\/pages\/69\/revisions"}],"predecessor-version":[{"id":226,"href":"https:\/\/www.radiovision.us\/web\/wp-json\/wp\/v2\/pages\/69\/revisions\/226"}],"wp:attachment":[{"href":"https:\/\/www.radiovision.us\/web\/wp-json\/wp\/v2\/media?parent=69"}],"curies":[{"name":"wp","href":"https:\/\/api.w.org\/{rel}","templated":true}]}}