{"id":65,"date":"2016-10-10T19:47:35","date_gmt":"2016-10-10T19:47:35","guid":{"rendered":"http:\/\/www.radiovision.us\/web\/?page_id=65"},"modified":"2016-10-25T19:23:42","modified_gmt":"2016-10-25T19:23:42","slug":"biografia","status":"publish","type":"page","link":"https:\/\/www.radiovision.us\/web\/biografia\/","title":{"rendered":"Biograf\u00eda"},"content":{"rendered":"<p><img loading=\"lazy\" decoding=\"async\" class=\"size-full wp-image-221 aligncenter\" src=\"http:\/\/www.radiovision.us\/web\/wp-content\/uploads\/2016\/10\/159607980_D7DSp_1477159335.jpg\" alt=\"159607980_d7dsp_1477159335\" width=\"500\" height=\"421\" srcset=\"https:\/\/www.radiovision.us\/web\/wp-content\/uploads\/2016\/10\/159607980_D7DSp_1477159335.jpg 500w, https:\/\/www.radiovision.us\/web\/wp-content\/uploads\/2016\/10\/159607980_D7DSp_1477159335-300x253.jpg 300w\" sizes=\"(max-width: 500px) 100vw, 500px\" \/><\/p>\n<p>Su nombre es <strong>Cristina Palacios Jacobo<\/strong>, naci\u00f3 el 5 de Octubre en Mexicali, Baja California, M\u00e9xico. Hija de <strong>Arturo Palacios<\/strong> y <strong>Virginia Jacobo<\/strong>, ambos finados. Actualmente vive en Tucson Arizona. Casada con <strong>Gustavo Monge<\/strong>. Con s\u00f3lo un hijo <strong>Gustavo Monge Palacios Jr.<\/strong> Su pastor es <strong>Roberto Palacios<\/strong>, ministro de las Asambleas de Dios en Sonora M\u00e9xico.<\/p>\n<p>Cristiana desde los 6 a\u00f1os. Cantante y Apasionada por la m\u00fasica. Actualmente es Directora y Locutora en Radio Visi\u00f3n Us. Si te gustaria tener contacto con ella. Te Invitamos a seguirla en facebook o escribirle a\u00a0<a href=\"mailto:cpmcristina@hotmail.com\">cpmcristina@hotmail.com<\/a>\u00a0te aseguramos que ella estar\u00e1 en la mayor disposici\u00f3n de atenderte.<\/p>\n<p style=\"text-align: center;\"><strong>Puedes solicitar sus canciones en la Radio. O conocerlas y adquirirlas en\u00a0<a href=\"http:\/\/www.cdbaby.com\/cd\/cristinapalacios\">http:\/\/www.cdbaby.com\/cd\/cristinapalacios<\/a><\/strong><\/p>\n<p style=\"text-align: center;\"><a href=\"https:\/\/www.facebook.com\/CristinaRadiovisionus\"><em><strong>www.facebook.com\/CristinaRadiovisionus<\/strong><\/em><\/a><\/p>\n<p style=\"text-align: center;\">\n","protected":false},"excerpt":{"rendered":"<p>Su nombre es Cristina Palacios Jacobo, naci\u00f3 el 5 de Octubre en Mexicali, Baja California, M\u00e9xico. Hija de Arturo Palacios y Virginia Jacobo, ambos finados. Actualmente vive en Tucson Arizona. Casada con Gustavo Monge. Con s\u00f3lo un hijo Gustavo Monge Palacios Jr. Su pastor es Roberto Palacios, ministro de las Asambleas de Dios en Sonora [&hellip;]<\/p>\n","protected":false},"author":1,"featured_media":0,"parent":0,"menu_order":0,"comment_status":"closed","ping_status":"closed","template":"","meta":{"footnotes":""},"class_list":["post-65","page","type-page","status-publish","hentry"],"_links":{"self":[{"href":"https:\/\/www.radiovision.us\/web\/wp-json\/wp\/v2\/pages\/65"}],"collection":[{"href":"https:\/\/www.radiovision.us\/web\/wp-json\/wp\/v2\/pages"}],"about":[{"href":"https:\/\/www.radiovision.us\/web\/wp-json\/wp\/v2\/types\/page"}],"author":[{"embeddable":true,"href":"https:\/\/www.radiovision.us\/web\/wp-json\/wp\/v2\/users\/1"}],"replies":[{"embeddable":true,"href":"https:\/\/www.radiovision.us\/web\/wp-json\/wp\/v2\/comments?post=65"}],"version-history":[{"count":7,"href":"https:\/\/www.radiovision.us\/web\/wp-json\/wp\/v2\/pages\/65\/revisions"}],"predecessor-version":[{"id":296,"href":"https:\/\/www.radiovision.us\/web\/wp-json\/wp\/v2\/pages\/65\/revisions\/296"}],"wp:attachment":[{"href":"https:\/\/www.radiovision.us\/web\/wp-json\/wp\/v2\/media?parent=65"}],"curies":[{"name":"wp","href":"https:\/\/api.w.org\/{rel}","templated":true}]}}