{"id":63,"date":"2016-10-10T19:47:19","date_gmt":"2016-10-10T19:47:19","guid":{"rendered":"http:\/\/www.radiovision.us\/web\/?page_id=63"},"modified":"2017-11-13T17:01:54","modified_gmt":"2017-11-13T17:01:54","slug":"donaciones","status":"publish","type":"page","link":"https:\/\/www.radiovision.us\/web\/donaciones\/","title":{"rendered":"Donaci\u00f3n"},"content":{"rendered":"<form action=\"https:\/\/www.paypal.com\/cgi-bin\/webscr\" method=\"post\" target=\"_top\">\n<input type=\"hidden\" name=\"cmd\" value=\"_s-xclick\"><br \/>\n<input type=\"hidden\" name=\"hosted_button_id\" value=\"43CSNVZWKDEE4\"><br \/>\n<input type=\"image\" src=\"https:\/\/www.paypalobjects.com\/es_XC\/i\/btn\/btn_donateCC_LG.gif\" border=\"0\" name=\"submit\" alt=\"PayPal, la forma m\u00e1s segura y r\u00e1pida de pagar en l\u00ednea.\"><br \/>\n<img loading=\"lazy\" decoding=\"async\" alt=\"\" border=\"0\" src=\"https:\/\/www.paypalobjects.com\/es_XC\/i\/scr\/pixel.gif\" width=\"1\" height=\"1\"><br \/>\n<\/form>\n","protected":false},"excerpt":{"rendered":"","protected":false},"author":1,"featured_media":0,"parent":0,"menu_order":0,"comment_status":"closed","ping_status":"closed","template":"","meta":{"footnotes":""},"class_list":["post-63","page","type-page","status-publish","hentry"],"_links":{"self":[{"href":"https:\/\/www.radiovision.us\/web\/wp-json\/wp\/v2\/pages\/63"}],"collection":[{"href":"https:\/\/www.radiovision.us\/web\/wp-json\/wp\/v2\/pages"}],"about":[{"href":"https:\/\/www.radiovision.us\/web\/wp-json\/wp\/v2\/types\/page"}],"author":[{"embeddable":true,"href":"https:\/\/www.radiovision.us\/web\/wp-json\/wp\/v2\/users\/1"}],"replies":[{"embeddable":true,"href":"https:\/\/www.radiovision.us\/web\/wp-json\/wp\/v2\/comments?post=63"}],"version-history":[{"count":8,"href":"https:\/\/www.radiovision.us\/web\/wp-json\/wp\/v2\/pages\/63\/revisions"}],"predecessor-version":[{"id":457,"href":"https:\/\/www.radiovision.us\/web\/wp-json\/wp\/v2\/pages\/63\/revisions\/457"}],"wp:attachment":[{"href":"https:\/\/www.radiovision.us\/web\/wp-json\/wp\/v2\/media?parent=63"}],"curies":[{"name":"wp","href":"https:\/\/api.w.org\/{rel}","templated":true}]}}